{"id":2,"date":"2020-11-23T16:28:27","date_gmt":"2020-11-23T16:28:27","guid":{"rendered":"http:\/\/mts-probst.com\/?page_id=2"},"modified":"2020-11-23T18:19:35","modified_gmt":"2020-11-23T18:19:35","slug":"management-training-support","status":"publish","type":"page","link":"https:\/\/mts-probst.com\/index.php\/management-training-support\/","title":{"rendered":"Management-Training und -Support"},"content":{"rendered":"\t\t<div data-elementor-type=\"wp-page\" data-elementor-id=\"2\" class=\"elementor elementor-2\">\n\t\t\t\t\t\t<section class=\"elementor-section elementor-top-section elementor-element elementor-element-66d6f78c elementor-section-boxed elementor-section-height-default elementor-section-height-default\" data-id=\"66d6f78c\" data-element_type=\"section\" data-e-type=\"section\">\n\t\t\t\t\t\t<div class=\"elementor-container elementor-column-gap-default\">\n\t\t\t\t\t<div class=\"elementor-column elementor-col-100 elementor-top-column elementor-element elementor-element-1d9bb017\" data-id=\"1d9bb017\" data-element_type=\"column\" data-e-type=\"column\">\n\t\t\t<div class=\"elementor-widget-wrap elementor-element-populated\">\n\t\t\t\t\t\t<div class=\"elementor-element elementor-element-5967571 elementor-widget elementor-widget-text-editor\" data-id=\"5967571\" data-element_type=\"widget\" data-e-type=\"widget\" data-widget_type=\"text-editor.default\">\n\t\t\t\t<div class=\"elementor-widget-container\">\n\t\t\t\t\t\t\t\t\t<p><\/p>\n<p><strong><span style=\"font-size: 13.5pt; font-family: 'Arial',sans-serif;\">Training:\u00a0Ausbildung &amp; Seminarkonzeption<\/span><\/strong><\/p>\n<p><b><span style=\"font-size: 10.0pt; font-family: 'Arial',sans-serif; color: black;\">\u00abLernen ist ein aktiver und sozialer Prozess!\u00bb<\/span><\/b><\/p>\n<p>Getreu nach diesem Motto gestalten wir Trainingseinheiten, die sich exakt nach\u00a0Ihren Bed\u00fcrfnissen richten. Dank einer grossen Anzahl von Spezialistinnen und\u00a0Spezialisten, mit denen wir seit l\u00e4ngerer Zeit zusammenarbeiten, ist unser\u00a0Erfahrungsportfolio enorm breit und tief. Sowohl im Indoor- wie auch im\u00a0Outdoor-Bereich bieten wir Ihnen wirkungsvolle Ausbildungs- und\u00a0Trainingsmethoden nach neusten lernpsychologischen Erkenntnissen an.<\/p>\n<p>Um bei Ihren Mitarbeitenden wirkungsvolle Entwicklungsprozesse anzustossen,\u00a0versuchen wir stets verschiedene Lernbereiche integrierend bzw. erg\u00e4nzend\u00a0einzusetzen. Die Einbindung der Seminarteilnehmenden mit ihren Erfahrungen ist\u00a0f\u00fcr uns ebenso ein Anliegen wie eine klare und sorgf\u00e4ltige\u00a0methodisch-didaktische Konzeption. Wenn Ihnen allt\u00e4gliche Seminare zu wenig\u00a0zielgerichtet erscheinen, sind wir der richtige Ausbildungspartner f\u00fcr Sie.<\/p>\n<p>\u00a0<\/p>\n<p><span style=\"font-weight: var( --e-global-typography-text-font-weight ); font-size: 10pt; font-family: Arial, sans-serif; color: black;\">\u00a0<\/span><span style=\"font-weight: var( --e-global-typography-text-font-weight ); color: black; font-family: Arial, sans-serif; font-size: 10pt;\">\u00a0<\/span><\/p>\n<p class=\"MsoNormal\"><strong><span style=\"font-size: 13.5pt; font-family: 'Arial',sans-serif;\">Managementberatung<\/span><\/strong><\/p>\n<p><b><span style=\"font-size: 10.0pt; font-family: 'Arial',sans-serif; color: black;\">Gezieltes Vorgehen &#8211; statt Standardl\u00f6sungen<\/span><\/b><\/p>\n<p>Wir beraten und unterst\u00fctzen Sie in strategischen und operativen Fragen der Unternehmensf\u00fchrung. Dabei legen wir Wert darauf, Ihnen keine fertigen L\u00f6sungen anzubieten, sondern mit Ihnen und Ihren Mitarbeitenden die richtigen L\u00f6sungsans\u00e4tze zu entwickeln. Spezialisiert sind wir in der Entwicklung strategischer F\u00fchrungs-instrumente (beispielsweise Leitbilder, Unternehmungs-konzepte, Gesch\u00e4ftsmodelle u.\u00e4.) sowie der Implementierung dieser Instrumente in den Unternehmungsalltag. &#8211; Die verantwortungsvollen Aufgaben von Verwaltungsr\u00e4ten (in der Lebensmittelbranche) kennen wir pers\u00f6nlich. Gerne blegleiten wir strategische Gremien gezielt und pragmatisch.\u00a0\u00a0<\/p>\n<p>In der finanziellen Unternehmensf\u00fchrung unterst\u00fctzen wir Sie beim Aufbau von strategischen und operativen Controlling-Systemen. Dabei achten wir auf eine ausgewogene Ber\u00fccksichtigung aller f\u00fcr Ihre Situation relevanten Einfluss-, Mess- und Steuerungsgr\u00f6ssen.<\/p>\n<p>\u00a0<\/p>\n<p><b style=\"color: var( --e-global-color-text ); font-family: var( --e-global-typography-text-font-family ), Sans-serif; font-size: 1rem;\">Diese Dienstleistungen sind in den Sprachen Deutsch, Englisch und Franz\u00f6sisch\u00a0verf\u00fcgbar. Weitere Sprachen auf Anfrage.<\/b><\/p>\n<p><\/p>\t\t\t\t\t\t\t\t<\/div>\n\t\t\t\t<\/div>\n\t\t\t\t\t<\/div>\n\t\t<\/div>\n\t\t\t\t\t<\/div>\n\t\t<\/section>\n\t\t\t\t<\/div>\n\t\t","protected":false},"excerpt":{"rendered":"<p>Training:\u00a0Ausbildung &amp; Seminarkonzeption \u00abLernen ist ein aktiver und sozialer Prozess!\u00bb Getreu nach diesem Motto gestalten wir Trainingseinheiten, die sich exakt nach\u00a0Ihren Bed\u00fcrfnissen richten. Dank einer grossen Anzahl von Spezialistinnen und\u00a0Spezialisten, mit denen wir seit l\u00e4ngerer Zeit zusammenarbeiten, ist unser\u00a0Erfahrungsportfolio enorm breit und tief. Sowohl im Indoor- wie auch im\u00a0Outdoor-Bereich bieten wir Ihnen wirkungsvolle Ausbildungs- und\u00a0Trainingsmethoden &hellip; <\/p>\n<p class=\"link-more\"><a href=\"https:\/\/mts-probst.com\/index.php\/management-training-support\/\" class=\"more-link\"><span class=\"screen-reader-text\">\u201eManagement-Training und -Support\u201c <\/span>weiterlesen<\/a><\/p>\n","protected":false},"author":1,"featured_media":34,"parent":0,"menu_order":0,"comment_status":"closed","ping_status":"closed","template":"","meta":{"footnotes":""},"class_list":["post-2","page","type-page","status-publish","has-post-thumbnail","hentry"],"_links":{"self":[{"href":"https:\/\/mts-probst.com\/index.php\/wp-json\/wp\/v2\/pages\/2","targetHints":{"allow":["GET"]}}],"collection":[{"href":"https:\/\/mts-probst.com\/index.php\/wp-json\/wp\/v2\/pages"}],"about":[{"href":"https:\/\/mts-probst.com\/index.php\/wp-json\/wp\/v2\/types\/page"}],"author":[{"embeddable":true,"href":"https:\/\/mts-probst.com\/index.php\/wp-json\/wp\/v2\/users\/1"}],"replies":[{"embeddable":true,"href":"https:\/\/mts-probst.com\/index.php\/wp-json\/wp\/v2\/comments?post=2"}],"version-history":[{"count":8,"href":"https:\/\/mts-probst.com\/index.php\/wp-json\/wp\/v2\/pages\/2\/revisions"}],"predecessor-version":[{"id":72,"href":"https:\/\/mts-probst.com\/index.php\/wp-json\/wp\/v2\/pages\/2\/revisions\/72"}],"wp:featuredmedia":[{"embeddable":true,"href":"https:\/\/mts-probst.com\/index.php\/wp-json\/wp\/v2\/media\/34"}],"wp:attachment":[{"href":"https:\/\/mts-probst.com\/index.php\/wp-json\/wp\/v2\/media?parent=2"}],"curies":[{"name":"wp","href":"https:\/\/api.w.org\/{rel}","templated":true}]}}