{"id":9,"date":"2020-11-23T16:33:28","date_gmt":"2020-11-23T16:33:28","guid":{"rendered":"http:\/\/mts-probst.com\/?page_id=9"},"modified":"2020-11-23T19:41:12","modified_gmt":"2020-11-23T19:41:12","slug":"ueber-uns","status":"publish","type":"page","link":"https:\/\/mts-probst.com\/index.php\/ueber-uns\/","title":{"rendered":"\u00dcber uns"},"content":{"rendered":"\t\t<div data-elementor-type=\"wp-page\" data-elementor-id=\"9\" class=\"elementor elementor-9\">\n\t\t\t\t\t\t<section class=\"elementor-section elementor-top-section elementor-element elementor-element-6c431b0 elementor-section-boxed elementor-section-height-default elementor-section-height-default\" data-id=\"6c431b0\" data-element_type=\"section\">\n\t\t\t\t\t\t<div class=\"elementor-container elementor-column-gap-default\">\n\t\t\t\t\t<div class=\"elementor-column elementor-col-50 elementor-top-column elementor-element elementor-element-47a6617\" data-id=\"47a6617\" data-element_type=\"column\">\n\t\t\t<div class=\"elementor-widget-wrap elementor-element-populated\">\n\t\t\t\t\t\t<div class=\"elementor-element elementor-element-b6f098b elementor-widget elementor-widget-image\" data-id=\"b6f098b\" data-element_type=\"widget\" data-widget_type=\"image.default\">\n\t\t\t\t<div class=\"elementor-widget-container\">\n\t\t\t\t\t\t\t\t\t\t\t\t\t\t\t<img fetchpriority=\"high\" decoding=\"async\" width=\"525\" height=\"506\" src=\"https:\/\/mts-probst.com\/wp-content\/uploads\/2020\/11\/lorenzProbstpicsmallapr19.jpg\" class=\"attachment-large size-large wp-image-57\" alt=\"\" srcset=\"https:\/\/mts-probst.com\/wp-content\/uploads\/2020\/11\/lorenzProbstpicsmallapr19.jpg 622w, https:\/\/mts-probst.com\/wp-content\/uploads\/2020\/11\/lorenzProbstpicsmallapr19-300x289.jpg 300w\" sizes=\"100vw\" \/>\t\t\t\t\t\t\t\t\t\t\t\t\t\t\t<\/div>\n\t\t\t\t<\/div>\n\t\t\t\t<div class=\"elementor-element elementor-element-8a68074 elementor-widget elementor-widget-image\" data-id=\"8a68074\" data-element_type=\"widget\" data-widget_type=\"image.default\">\n\t\t\t\t<div class=\"elementor-widget-container\">\n\t\t\t\t\t\t\t\t\t\t\t\t\t\t\t<img decoding=\"async\" width=\"525\" height=\"350\" src=\"https:\/\/mts-probst.com\/wp-content\/uploads\/2020\/11\/iStock-184320883_2mb-768x512.jpg\" class=\"attachment-medium_large size-medium_large wp-image-35\" alt=\"\" srcset=\"https:\/\/mts-probst.com\/wp-content\/uploads\/2020\/11\/iStock-184320883_2mb-768x512.jpg 768w, https:\/\/mts-probst.com\/wp-content\/uploads\/2020\/11\/iStock-184320883_2mb-300x200.jpg 300w, https:\/\/mts-probst.com\/wp-content\/uploads\/2020\/11\/iStock-184320883_2mb-1024x682.jpg 1024w, https:\/\/mts-probst.com\/wp-content\/uploads\/2020\/11\/iStock-184320883_2mb-1536x1023.jpg 1536w, https:\/\/mts-probst.com\/wp-content\/uploads\/2020\/11\/iStock-184320883_2mb.jpg 1732w\" sizes=\"100vw\" \/>\t\t\t\t\t\t\t\t\t\t\t\t\t\t\t<\/div>\n\t\t\t\t<\/div>\n\t\t\t\t<div class=\"elementor-element elementor-element-1c1281c elementor-widget elementor-widget-image\" data-id=\"1c1281c\" data-element_type=\"widget\" data-widget_type=\"image.default\">\n\t\t\t\t<div class=\"elementor-widget-container\">\n\t\t\t\t\t\t\t\t\t\t\t\t\t\t\t<img decoding=\"async\" width=\"2448\" height=\"1224\" src=\"https:\/\/mts-probst.com\/wp-content\/uploads\/2020\/11\/iStock-473936956.jpg\" class=\"attachment-full size-full wp-image-31\" alt=\"\" srcset=\"https:\/\/mts-probst.com\/wp-content\/uploads\/2020\/11\/iStock-473936956.jpg 2448w, https:\/\/mts-probst.com\/wp-content\/uploads\/2020\/11\/iStock-473936956-300x150.jpg 300w, https:\/\/mts-probst.com\/wp-content\/uploads\/2020\/11\/iStock-473936956-1024x512.jpg 1024w, https:\/\/mts-probst.com\/wp-content\/uploads\/2020\/11\/iStock-473936956-768x384.jpg 768w, https:\/\/mts-probst.com\/wp-content\/uploads\/2020\/11\/iStock-473936956-1536x768.jpg 1536w, https:\/\/mts-probst.com\/wp-content\/uploads\/2020\/11\/iStock-473936956-2048x1024.jpg 2048w\" sizes=\"100vw\" \/>\t\t\t\t\t\t\t\t\t\t\t\t\t\t\t<\/div>\n\t\t\t\t<\/div>\n\t\t\t\t\t<\/div>\n\t\t<\/div>\n\t\t\t\t<div class=\"elementor-column elementor-col-50 elementor-top-column elementor-element elementor-element-a8e41f0\" data-id=\"a8e41f0\" data-element_type=\"column\">\n\t\t\t<div class=\"elementor-widget-wrap elementor-element-populated\">\n\t\t\t\t\t\t<div class=\"elementor-element elementor-element-fc17472 elementor-widget elementor-widget-text-editor\" data-id=\"fc17472\" data-element_type=\"widget\" data-widget_type=\"text-editor.default\">\n\t\t\t\t<div class=\"elementor-widget-container\">\n\t\t\t\t\t\t\t\t\t<p><em><strong>Lorenz Probst<\/strong><\/em> &#8211; Founder &amp; CEO&nbsp;<\/p>\n<p><em>Unternehmer aus Leidenschaft<\/em><\/p>\n<p><em>&nbsp;<\/em><span style=\"color: var( --e-global-color-text ); font-family: var( --e-global-typography-text-font-family ), Sans-serif; font-weight: var( --e-global-typography-text-font-weight ); font-size: 1rem;\">Studium Betriebswirtschaftslehre und Wirtschaftsp\u00e4dagogik<\/span><\/p><ul>\n<li>Professor Berner Fachhochschule<\/li>\n<li>Speaker im Bereich Management &amp; Leadership<\/li>\n<li>Teamleader mit direkter F\u00fchrungsverantwortung<\/li>\n<li>Verwaltungsrat eines Schweizer Lebensmittelverarbeiters<\/li>\n<li>Trainer &amp; Moderator in (Gross)Unternehmen im Bereich Management-Education &amp; finanzieller F\u00fchrung, ausgewiesene Erfahrung im multi- und transkulturellen Kontext<\/li>\n<li>Coach f\u00fcr F\u00fchrungskr\u00e4fte und Verwaltungsr\u00e4te<\/li>\n<li>Business Angel<\/li>\n<\/ul>\t\t\t\t\t\t\t\t<\/div>\n\t\t\t\t<\/div>\n\t\t\t\t\t<\/div>\n\t\t<\/div>\n\t\t\t\t\t<\/div>\n\t\t<\/section>\n\t\t\t\t<section class=\"elementor-section elementor-top-section elementor-element elementor-element-ab3dae2 elementor-section-boxed elementor-section-height-default elementor-section-height-default\" data-id=\"ab3dae2\" data-element_type=\"section\">\n\t\t\t\t\t\t<div class=\"elementor-container elementor-column-gap-default\">\n\t\t\t\t\t<div class=\"elementor-column elementor-col-100 elementor-top-column elementor-element elementor-element-74be7a4\" data-id=\"74be7a4\" data-element_type=\"column\">\n\t\t\t<div class=\"elementor-widget-wrap elementor-element-populated\">\n\t\t\t\t\t\t<div class=\"elementor-element elementor-element-39146bc elementor-widget elementor-widget-text-editor\" data-id=\"39146bc\" data-element_type=\"widget\" data-widget_type=\"text-editor.default\">\n\t\t\t\t<div class=\"elementor-widget-container\">\n\t\t\t\t\t\t\t\t\t<p>Neben den Gr\u00fcndungspersonen arbeiten wir mit bew\u00e4hrten Partner-Organisationen im In- und Ausland zusammen. Unser tragendes Netzwerk ist eine zentrale St\u00e4rke.\u00a0<\/p>\n<p>Die Dienstleistungen der MTS Probst GmbH sind in verschiedenen Sprachen erh\u00e4ltlich: Deutsch, Franz\u00f6sisch, Englisch, Italienisch, Spanisch, Arabisch, Mandarin, Cantonese.\u00a0<\/p>\t\t\t\t\t\t\t\t<\/div>\n\t\t\t\t<\/div>\n\t\t\t\t\t<\/div>\n\t\t<\/div>\n\t\t\t\t\t<\/div>\n\t\t<\/section>\n\t\t\t\t<\/div>\n\t\t","protected":false},"excerpt":{"rendered":"<p>Lorenz Probst &#8211; Founder &amp; CEO&nbsp; Unternehmer aus Leidenschaft &nbsp;Studium Betriebswirtschaftslehre und Wirtschaftsp\u00e4dagogik Professor Berner Fachhochschule Speaker im Bereich Management &amp; Leadership Teamleader mit direkter F\u00fchrungsverantwortung Verwaltungsrat eines Schweizer Lebensmittelverarbeiters Trainer &amp; Moderator in (Gross)Unternehmen im Bereich Management-Education &amp; finanzieller F\u00fchrung, ausgewiesene Erfahrung im multi- und transkulturellen Kontext Coach f\u00fcr F\u00fchrungskr\u00e4fte und Verwaltungsr\u00e4te Business Angel &hellip; <\/p>\n<p class=\"link-more\"><a href=\"https:\/\/mts-probst.com\/index.php\/ueber-uns\/\" class=\"more-link\"><span class=\"screen-reader-text\">\u201e\u00dcber uns\u201c<\/span> weiterlesen<\/a><\/p>\n","protected":false},"author":1,"featured_media":33,"parent":0,"menu_order":0,"comment_status":"closed","ping_status":"closed","template":"","meta":{"footnotes":""},"class_list":["post-9","page","type-page","status-publish","has-post-thumbnail","hentry"],"_links":{"self":[{"href":"https:\/\/mts-probst.com\/index.php\/wp-json\/wp\/v2\/pages\/9","targetHints":{"allow":["GET"]}}],"collection":[{"href":"https:\/\/mts-probst.com\/index.php\/wp-json\/wp\/v2\/pages"}],"about":[{"href":"https:\/\/mts-probst.com\/index.php\/wp-json\/wp\/v2\/types\/page"}],"author":[{"embeddable":true,"href":"https:\/\/mts-probst.com\/index.php\/wp-json\/wp\/v2\/users\/1"}],"replies":[{"embeddable":true,"href":"https:\/\/mts-probst.com\/index.php\/wp-json\/wp\/v2\/comments?post=9"}],"version-history":[{"count":16,"href":"https:\/\/mts-probst.com\/index.php\/wp-json\/wp\/v2\/pages\/9\/revisions"}],"predecessor-version":[{"id":115,"href":"https:\/\/mts-probst.com\/index.php\/wp-json\/wp\/v2\/pages\/9\/revisions\/115"}],"wp:featuredmedia":[{"embeddable":true,"href":"https:\/\/mts-probst.com\/index.php\/wp-json\/wp\/v2\/media\/33"}],"wp:attachment":[{"href":"https:\/\/mts-probst.com\/index.php\/wp-json\/wp\/v2\/media?parent=9"}],"curies":[{"name":"wp","href":"https:\/\/api.w.org\/{rel}","templated":true}]}}